{"id":460,"date":"2019-09-09T12:48:45","date_gmt":"2019-09-09T12:48:45","guid":{"rendered":"http:\/\/zimmerlin.de.w019d4bb.kasserver.com\/vertriebspartner"},"modified":"2019-09-28T19:22:45","modified_gmt":"2019-09-28T17:22:45","slug":"distributor-locator","status":"publish","type":"page","link":"https:\/\/zimmerlin.de\/en\/distributor-locator","title":{"rendered":"Distributor locator"},"content":{"rendered":"<h1 class=\"aligncenter\">Distributor locator<\/h1>\n","protected":false},"excerpt":{"rendered":"<p>Distributor locator<\/p>\n","protected":false},"author":3,"featured_media":0,"parent":0,"menu_order":0,"comment_status":"closed","ping_status":"closed","template":"page-templates\/dealers-page.php","meta":{"_acf_changed":false,"footnotes":""},"class_list":["post-460","page","type-page","status-publish","hentry"],"acf":[],"yoast_head":"<!-- This site is optimized with the Yoast SEO plugin v27.2 - https:\/\/yoast.com\/product\/yoast-seo-wordpress\/ -->\n<title>Distributor locator - zimmerlin GmbH Edelstahl-Technik<\/title>\n<meta name=\"robots\" content=\"index, follow, max-snippet:-1, max-image-preview:large, max-video-preview:-1\" \/>\n<link rel=\"canonical\" href=\"https:\/\/zimmerlin.de\/en\/distributor-locator\" \/>\n<meta property=\"og:locale\" content=\"en_US\" \/>\n<meta property=\"og:type\" content=\"article\" \/>\n<meta property=\"og:title\" content=\"Distributor locator - zimmerlin GmbH Edelstahl-Technik\" \/>\n<meta property=\"og:description\" content=\"Distributor locator\" \/>\n<meta property=\"og:url\" content=\"https:\/\/zimmerlin.de\/en\/distributor-locator\" \/>\n<meta property=\"og:site_name\" content=\"zimmerlin GmbH Edelstahl-Technik\" \/>\n<meta property=\"article:modified_time\" content=\"2019-09-28T17:22:45+00:00\" \/>\n<meta name=\"twitter:card\" content=\"summary_large_image\" \/>\n<script type=\"application\/ld+json\" class=\"yoast-schema-graph\">{\"@context\":\"https:\/\/schema.org\",\"@graph\":[{\"@type\":\"WebPage\",\"@id\":\"https:\/\/zimmerlin.de\/en\/distributor-locator\",\"url\":\"https:\/\/zimmerlin.de\/en\/distributor-locator\",\"name\":\"Distributor locator - zimmerlin GmbH Edelstahl-Technik\",\"isPartOf\":{\"@id\":\"https:\/\/zimmerlin.de\/#website\"},\"datePublished\":\"2019-09-09T12:48:45+00:00\",\"dateModified\":\"2019-09-28T17:22:45+00:00\",\"breadcrumb\":{\"@id\":\"https:\/\/zimmerlin.de\/en\/distributor-locator#breadcrumb\"},\"inLanguage\":\"en-US\",\"potentialAction\":[{\"@type\":\"ReadAction\",\"target\":[\"https:\/\/zimmerlin.de\/en\/distributor-locator\"]}]},{\"@type\":\"BreadcrumbList\",\"@id\":\"https:\/\/zimmerlin.de\/en\/distributor-locator#breadcrumb\",\"itemListElement\":[{\"@type\":\"ListItem\",\"position\":1,\"name\":\"Home\",\"item\":\"https:\/\/zimmerlin.de\/en\"},{\"@type\":\"ListItem\",\"position\":2,\"name\":\"Distributor locator\"}]},{\"@type\":\"WebSite\",\"@id\":\"https:\/\/zimmerlin.de\/#website\",\"url\":\"https:\/\/zimmerlin.de\/\",\"name\":\"zimmerlin GmbH Edelstahl-Technik\",\"description\":\"Beh\u00e4lterverschl\u00fcsse und Zubeh\u00f6r f\u00fcr die besten Beh\u00e4lter\",\"potentialAction\":[{\"@type\":\"SearchAction\",\"target\":{\"@type\":\"EntryPoint\",\"urlTemplate\":\"https:\/\/zimmerlin.de\/?s={search_term_string}\"},\"query-input\":{\"@type\":\"PropertyValueSpecification\",\"valueRequired\":true,\"valueName\":\"search_term_string\"}}],\"inLanguage\":\"en-US\"}]}<\/script>\n<!-- \/ Yoast SEO plugin. -->","yoast_head_json":{"title":"Distributor locator - zimmerlin GmbH Edelstahl-Technik","robots":{"index":"index","follow":"follow","max-snippet":"max-snippet:-1","max-image-preview":"max-image-preview:large","max-video-preview":"max-video-preview:-1"},"canonical":"https:\/\/zimmerlin.de\/en\/distributor-locator","og_locale":"en_US","og_type":"article","og_title":"Distributor locator - zimmerlin GmbH Edelstahl-Technik","og_description":"Distributor locator","og_url":"https:\/\/zimmerlin.de\/en\/distributor-locator","og_site_name":"zimmerlin GmbH Edelstahl-Technik","article_modified_time":"2019-09-28T17:22:45+00:00","twitter_card":"summary_large_image","schema":{"@context":"https:\/\/schema.org","@graph":[{"@type":"WebPage","@id":"https:\/\/zimmerlin.de\/en\/distributor-locator","url":"https:\/\/zimmerlin.de\/en\/distributor-locator","name":"Distributor locator - zimmerlin GmbH Edelstahl-Technik","isPartOf":{"@id":"https:\/\/zimmerlin.de\/#website"},"datePublished":"2019-09-09T12:48:45+00:00","dateModified":"2019-09-28T17:22:45+00:00","breadcrumb":{"@id":"https:\/\/zimmerlin.de\/en\/distributor-locator#breadcrumb"},"inLanguage":"en-US","potentialAction":[{"@type":"ReadAction","target":["https:\/\/zimmerlin.de\/en\/distributor-locator"]}]},{"@type":"BreadcrumbList","@id":"https:\/\/zimmerlin.de\/en\/distributor-locator#breadcrumb","itemListElement":[{"@type":"ListItem","position":1,"name":"Home","item":"https:\/\/zimmerlin.de\/en"},{"@type":"ListItem","position":2,"name":"Distributor locator"}]},{"@type":"WebSite","@id":"https:\/\/zimmerlin.de\/#website","url":"https:\/\/zimmerlin.de\/","name":"zimmerlin GmbH Edelstahl-Technik","description":"Beh\u00e4lterverschl\u00fcsse und Zubeh\u00f6r f\u00fcr die besten Beh\u00e4lter","potentialAction":[{"@type":"SearchAction","target":{"@type":"EntryPoint","urlTemplate":"https:\/\/zimmerlin.de\/?s={search_term_string}"},"query-input":{"@type":"PropertyValueSpecification","valueRequired":true,"valueName":"search_term_string"}}],"inLanguage":"en-US"}]}},"_links":{"self":[{"href":"https:\/\/zimmerlin.de\/en\/wp-json\/wp\/v2\/pages\/460","targetHints":{"allow":["GET"]}}],"collection":[{"href":"https:\/\/zimmerlin.de\/en\/wp-json\/wp\/v2\/pages"}],"about":[{"href":"https:\/\/zimmerlin.de\/en\/wp-json\/wp\/v2\/types\/page"}],"author":[{"embeddable":true,"href":"https:\/\/zimmerlin.de\/en\/wp-json\/wp\/v2\/users\/3"}],"replies":[{"embeddable":true,"href":"https:\/\/zimmerlin.de\/en\/wp-json\/wp\/v2\/comments?post=460"}],"version-history":[{"count":3,"href":"https:\/\/zimmerlin.de\/en\/wp-json\/wp\/v2\/pages\/460\/revisions"}],"predecessor-version":[{"id":1424,"href":"https:\/\/zimmerlin.de\/en\/wp-json\/wp\/v2\/pages\/460\/revisions\/1424"}],"wp:attachment":[{"href":"https:\/\/zimmerlin.de\/en\/wp-json\/wp\/v2\/media?parent=460"}],"curies":[{"name":"wp","href":"https:\/\/api.w.org\/{rel}","templated":true}]}}