{"id":455,"date":"2019-08-21T19:34:31","date_gmt":"2019-08-21T19:34:31","guid":{"rendered":"http:\/\/zimmerlin.de.w019d4bb.kasserver.com\/kontakt"},"modified":"2025-01-10T08:44:40","modified_gmt":"2025-01-10T07:44:40","slug":"contact","status":"publish","type":"page","link":"https:\/\/zimmerlin.de\/en\/contact","title":{"rendered":"Contact"},"content":{"rendered":"\n<div class=\"wpcf7 no-js\" id=\"wpcf7-f363-o1\" lang=\"en-US\" dir=\"ltr\" data-wpcf7-id=\"363\">\n<div class=\"screen-reader-response\"><p role=\"status\" aria-live=\"polite\" aria-atomic=\"true\"><\/p> <ul><\/ul><\/div>\n<form action=\"\/en\/wp-json\/wp\/v2\/pages\/455#wpcf7-f363-o1\" method=\"post\" class=\"wpcf7-form init\" aria-label=\"Contact form\" novalidate=\"novalidate\" data-status=\"init\">\n<fieldset class=\"hidden-fields-container\"><input type=\"hidden\" name=\"_wpcf7\" value=\"363\" \/><input type=\"hidden\" name=\"_wpcf7_version\" value=\"6.1.5\" \/><input type=\"hidden\" name=\"_wpcf7_locale\" value=\"en_US\" \/><input type=\"hidden\" name=\"_wpcf7_unit_tag\" value=\"wpcf7-f363-o1\" \/><input type=\"hidden\" name=\"_wpcf7_container_post\" value=\"0\" \/><input type=\"hidden\" name=\"_wpcf7_posted_data_hash\" value=\"\" \/>\n<\/fieldset>\n<div class=\"form contact-form\">\n\t<div class=\"form__col1\">\n\t\t<p><span class=\"wpcf7-form-control-wrap\" data-name=\"your-name\"><input size=\"40\" maxlength=\"400\" class=\"wpcf7-form-control wpcf7-text wpcf7-validates-as-required\" aria-required=\"true\" aria-invalid=\"false\" placeholder=\"Name*\" value=\"\" type=\"text\" name=\"your-name\" \/><\/span>\n\t\t<\/p>\n\t\t<p><span class=\"wpcf7-form-control-wrap\" data-name=\"your-company\"><input size=\"40\" maxlength=\"400\" class=\"wpcf7-form-control wpcf7-text\" aria-invalid=\"false\" placeholder=\"Company\" value=\"\" type=\"text\" name=\"your-company\" \/><\/span>\n\t\t<\/p>\n\t<\/div>\n\t<div class=\"form__col2\">\n\t\t<p><span class=\"wpcf7-form-control-wrap\" data-name=\"your-email\"><input size=\"40\" maxlength=\"400\" class=\"wpcf7-form-control wpcf7-email wpcf7-validates-as-required wpcf7-text wpcf7-validates-as-email\" aria-required=\"true\" aria-invalid=\"false\" placeholder=\"E-Mail*\" value=\"\" type=\"email\" name=\"your-email\" \/><\/span>\n\t\t<\/p>\n\t\t<p><span class=\"wpcf7-form-control-wrap\" data-name=\"your-phone\"><input size=\"40\" maxlength=\"400\" class=\"wpcf7-form-control wpcf7-tel wpcf7-text wpcf7-validates-as-tel\" aria-invalid=\"false\" placeholder=\"Phone\" value=\"\" type=\"tel\" name=\"your-phone\" \/><\/span>\n\t\t<\/p>\n\t<\/div>\n\t<p><span class=\"wpcf7-form-control-wrap\" data-name=\"your-message\"><textarea cols=\"40\" rows=\"10\" maxlength=\"2000\" class=\"wpcf7-form-control wpcf7-textarea\" aria-invalid=\"false\" placeholder=\"Message\" name=\"your-message\"><\/textarea><\/span>\n\t<\/p>\n\t<p><span class=\"wpcf7-form-control-wrap\" data-name=\"checkbox-745\"><span class=\"wpcf7-form-control wpcf7-checkbox wpcf7-validates-as-required\"><span class=\"wpcf7-list-item first last\"><label><input type=\"checkbox\" name=\"checkbox-745[]\" value=\"Consent to the data collection and privacy policy*\" \/><span class=\"wpcf7-list-item-label\">Consent to the data collection and privacy policy*<\/span><\/label><\/span><\/span><\/span><br \/>\nYES, I understand the <a href=\"https:\/\/zimmerlin.de\/en\/privacy-policy\/\">Privacy Policy<\/a> of this site. I consent that my given data will be automatically collected and will remain saved until my request has been processed. My data is earmarked and will be used to process and answer this specific request. Annotation: You can revoke your consent by contacting <a href=\"mailto:info@zimmerlin.de\">info@zimmerlin.de<\/a>.\n\t<\/p>\n\t<p>Note for privacy: Your potentially given personal data will only be used to process and answer your inquiry. The data will not be transmitted until you click on \"Send\". Your data will not be disclosed to third parties. Data storage will be cancelled if prompted for deletion, you revoked your consent for saving your data or your request has been processed. Mandatory statutory provisions - especially retention periods - remain unaffected.\n\t<\/p>\n\t<p>You will find more information on our <a href=\"https:\/\/zimmerlin.de\/en\/privacy-policy\/\">Privacy Policy<\/a>.\n\t<\/p>\n\t<p><input class=\"wpcf7-form-control wpcf7-submit has-spinner button\" type=\"submit\" value=\"Send\" \/>\n\t<\/p>\n<\/div><div class=\"wpcf7-response-output\" aria-hidden=\"true\"><\/div>\n<\/form>\n<\/div>\n\n","protected":false},"excerpt":{"rendered":"","protected":false},"author":3,"featured_media":0,"parent":0,"menu_order":0,"comment_status":"closed","ping_status":"closed","template":"page-templates\/sidebar-page.php","meta":{"_acf_changed":false,"footnotes":""},"class_list":["post-455","page","type-page","status-publish","hentry"],"acf":[],"yoast_head":"<!-- This site is optimized with the Yoast SEO plugin v27.2 - https:\/\/yoast.com\/product\/yoast-seo-wordpress\/ -->\n<title>Contact - zimmerlin GmbH Edelstahl-Technik<\/title>\n<meta name=\"robots\" content=\"index, follow, max-snippet:-1, max-image-preview:large, max-video-preview:-1\" \/>\n<link rel=\"canonical\" href=\"https:\/\/zimmerlin.de\/en\/contact\" \/>\n<meta property=\"og:locale\" content=\"en_US\" \/>\n<meta property=\"og:type\" content=\"article\" \/>\n<meta property=\"og:title\" content=\"Contact - zimmerlin GmbH Edelstahl-Technik\" \/>\n<meta property=\"og:url\" content=\"https:\/\/zimmerlin.de\/en\/contact\" \/>\n<meta property=\"og:site_name\" content=\"zimmerlin GmbH Edelstahl-Technik\" \/>\n<meta property=\"article:modified_time\" content=\"2025-01-10T07:44:40+00:00\" \/>\n<meta name=\"twitter:card\" content=\"summary_large_image\" \/>\n<meta name=\"twitter:label1\" content=\"Est. reading time\" \/>\n\t<meta name=\"twitter:data1\" content=\"1 minute\" \/>\n<script type=\"application\/ld+json\" class=\"yoast-schema-graph\">{\"@context\":\"https:\/\/schema.org\",\"@graph\":[{\"@type\":\"WebPage\",\"@id\":\"https:\/\/zimmerlin.de\/en\/contact\",\"url\":\"https:\/\/zimmerlin.de\/en\/contact\",\"name\":\"Contact - zimmerlin GmbH Edelstahl-Technik\",\"isPartOf\":{\"@id\":\"https:\/\/zimmerlin.de\/#website\"},\"datePublished\":\"2019-08-21T19:34:31+00:00\",\"dateModified\":\"2025-01-10T07:44:40+00:00\",\"breadcrumb\":{\"@id\":\"https:\/\/zimmerlin.de\/en\/contact#breadcrumb\"},\"inLanguage\":\"en-US\",\"potentialAction\":[{\"@type\":\"ReadAction\",\"target\":[\"https:\/\/zimmerlin.de\/en\/contact\"]}]},{\"@type\":\"BreadcrumbList\",\"@id\":\"https:\/\/zimmerlin.de\/en\/contact#breadcrumb\",\"itemListElement\":[{\"@type\":\"ListItem\",\"position\":1,\"name\":\"Home\",\"item\":\"https:\/\/zimmerlin.de\/en\"},{\"@type\":\"ListItem\",\"position\":2,\"name\":\"Contact\"}]},{\"@type\":\"WebSite\",\"@id\":\"https:\/\/zimmerlin.de\/#website\",\"url\":\"https:\/\/zimmerlin.de\/\",\"name\":\"zimmerlin GmbH Edelstahl-Technik\",\"description\":\"Beh\u00e4lterverschl\u00fcsse und Zubeh\u00f6r f\u00fcr die besten Beh\u00e4lter\",\"potentialAction\":[{\"@type\":\"SearchAction\",\"target\":{\"@type\":\"EntryPoint\",\"urlTemplate\":\"https:\/\/zimmerlin.de\/?s={search_term_string}\"},\"query-input\":{\"@type\":\"PropertyValueSpecification\",\"valueRequired\":true,\"valueName\":\"search_term_string\"}}],\"inLanguage\":\"en-US\"}]}<\/script>\n<!-- \/ Yoast SEO plugin. -->","yoast_head_json":{"title":"Contact - zimmerlin GmbH Edelstahl-Technik","robots":{"index":"index","follow":"follow","max-snippet":"max-snippet:-1","max-image-preview":"max-image-preview:large","max-video-preview":"max-video-preview:-1"},"canonical":"https:\/\/zimmerlin.de\/en\/contact","og_locale":"en_US","og_type":"article","og_title":"Contact - zimmerlin GmbH Edelstahl-Technik","og_url":"https:\/\/zimmerlin.de\/en\/contact","og_site_name":"zimmerlin GmbH Edelstahl-Technik","article_modified_time":"2025-01-10T07:44:40+00:00","twitter_card":"summary_large_image","twitter_misc":{"Est. reading time":"1 minute"},"schema":{"@context":"https:\/\/schema.org","@graph":[{"@type":"WebPage","@id":"https:\/\/zimmerlin.de\/en\/contact","url":"https:\/\/zimmerlin.de\/en\/contact","name":"Contact - zimmerlin GmbH Edelstahl-Technik","isPartOf":{"@id":"https:\/\/zimmerlin.de\/#website"},"datePublished":"2019-08-21T19:34:31+00:00","dateModified":"2025-01-10T07:44:40+00:00","breadcrumb":{"@id":"https:\/\/zimmerlin.de\/en\/contact#breadcrumb"},"inLanguage":"en-US","potentialAction":[{"@type":"ReadAction","target":["https:\/\/zimmerlin.de\/en\/contact"]}]},{"@type":"BreadcrumbList","@id":"https:\/\/zimmerlin.de\/en\/contact#breadcrumb","itemListElement":[{"@type":"ListItem","position":1,"name":"Home","item":"https:\/\/zimmerlin.de\/en"},{"@type":"ListItem","position":2,"name":"Contact"}]},{"@type":"WebSite","@id":"https:\/\/zimmerlin.de\/#website","url":"https:\/\/zimmerlin.de\/","name":"zimmerlin GmbH Edelstahl-Technik","description":"Beh\u00e4lterverschl\u00fcsse und Zubeh\u00f6r f\u00fcr die besten Beh\u00e4lter","potentialAction":[{"@type":"SearchAction","target":{"@type":"EntryPoint","urlTemplate":"https:\/\/zimmerlin.de\/?s={search_term_string}"},"query-input":{"@type":"PropertyValueSpecification","valueRequired":true,"valueName":"search_term_string"}}],"inLanguage":"en-US"}]}},"_links":{"self":[{"href":"https:\/\/zimmerlin.de\/en\/wp-json\/wp\/v2\/pages\/455","targetHints":{"allow":["GET"]}}],"collection":[{"href":"https:\/\/zimmerlin.de\/en\/wp-json\/wp\/v2\/pages"}],"about":[{"href":"https:\/\/zimmerlin.de\/en\/wp-json\/wp\/v2\/types\/page"}],"author":[{"embeddable":true,"href":"https:\/\/zimmerlin.de\/en\/wp-json\/wp\/v2\/users\/3"}],"replies":[{"embeddable":true,"href":"https:\/\/zimmerlin.de\/en\/wp-json\/wp\/v2\/comments?post=455"}],"version-history":[{"count":10,"href":"https:\/\/zimmerlin.de\/en\/wp-json\/wp\/v2\/pages\/455\/revisions"}],"predecessor-version":[{"id":2848,"href":"https:\/\/zimmerlin.de\/en\/wp-json\/wp\/v2\/pages\/455\/revisions\/2848"}],"wp:attachment":[{"href":"https:\/\/zimmerlin.de\/en\/wp-json\/wp\/v2\/media?parent=455"}],"curies":[{"name":"wp","href":"https:\/\/api.w.org\/{rel}","templated":true}]}}