{"id":449,"date":"2019-08-21T19:37:31","date_gmt":"2019-08-21T19:37:31","guid":{"rendered":"http:\/\/zimmerlin.de.w019d4bb.kasserver.com\/agb"},"modified":"2023-07-06T13:01:02","modified_gmt":"2023-07-06T11:01:02","slug":"terms_conditions","status":"publish","type":"page","link":"https:\/\/zimmerlin.de\/en\/terms_conditions","title":{"rendered":"General Terms and Conditions"},"content":{"rendered":"<h1>General Terms and Conditions<\/h1>\n<p><a href=\"https:\/\/zimmerlin.de\/en\/terms_conditions\/gtc\">General Terms and Conditions of Delivery and Payment<\/a><\/p>\n<p><a href=\"https:\/\/zimmerlin.de\/en\/terms_conditions\/gtcp\">General Terms and Conditions of Purchase<\/a><\/p>\n","protected":false},"excerpt":{"rendered":"<p>General Terms and Conditions General Terms and Conditions of Delivery and Payment General Terms and Conditions of Purchase<\/p>\n","protected":false},"author":3,"featured_media":0,"parent":0,"menu_order":0,"comment_status":"closed","ping_status":"closed","template":"","meta":{"_acf_changed":false,"footnotes":""},"class_list":["post-449","page","type-page","status-publish","hentry"],"acf":[],"yoast_head":"<!-- This site is optimized with the Yoast SEO plugin v27.2 - https:\/\/yoast.com\/product\/yoast-seo-wordpress\/ -->\n<title>General Terms and Conditions - zimmerlin GmbH Edelstahl-Technik<\/title>\n<meta name=\"robots\" content=\"noindex, nofollow\" \/>\n<meta property=\"og:locale\" content=\"en_US\" \/>\n<meta property=\"og:type\" content=\"article\" \/>\n<meta property=\"og:title\" content=\"General Terms and Conditions - zimmerlin GmbH Edelstahl-Technik\" \/>\n<meta property=\"og:description\" content=\"General Terms and Conditions General Terms and Conditions of Delivery and Payment General Terms and Conditions of Purchase\" \/>\n<meta property=\"og:url\" content=\"https:\/\/zimmerlin.de\/en\/terms_conditions\" \/>\n<meta property=\"og:site_name\" content=\"zimmerlin GmbH Edelstahl-Technik\" \/>\n<meta property=\"article:modified_time\" content=\"2023-07-06T11:01:02+00:00\" \/>\n<meta name=\"twitter:card\" content=\"summary_large_image\" \/>\n<meta name=\"twitter:label1\" content=\"Est. reading time\" \/>\n\t<meta name=\"twitter:data1\" content=\"1 minute\" \/>\n<script type=\"application\/ld+json\" class=\"yoast-schema-graph\">{\"@context\":\"https:\/\/schema.org\",\"@graph\":[{\"@type\":\"WebPage\",\"@id\":\"https:\/\/zimmerlin.de\/en\/terms_conditions\",\"url\":\"https:\/\/zimmerlin.de\/en\/terms_conditions\",\"name\":\"General Terms and Conditions - zimmerlin GmbH Edelstahl-Technik\",\"isPartOf\":{\"@id\":\"https:\/\/zimmerlin.de\/#website\"},\"datePublished\":\"2019-08-21T19:37:31+00:00\",\"dateModified\":\"2023-07-06T11:01:02+00:00\",\"breadcrumb\":{\"@id\":\"https:\/\/zimmerlin.de\/en\/terms_conditions#breadcrumb\"},\"inLanguage\":\"en-US\",\"potentialAction\":[{\"@type\":\"ReadAction\",\"target\":[\"https:\/\/zimmerlin.de\/en\/terms_conditions\"]}]},{\"@type\":\"BreadcrumbList\",\"@id\":\"https:\/\/zimmerlin.de\/en\/terms_conditions#breadcrumb\",\"itemListElement\":[{\"@type\":\"ListItem\",\"position\":1,\"name\":\"Home\",\"item\":\"https:\/\/zimmerlin.de\/en\"},{\"@type\":\"ListItem\",\"position\":2,\"name\":\"General Terms and Conditions\"}]},{\"@type\":\"WebSite\",\"@id\":\"https:\/\/zimmerlin.de\/#website\",\"url\":\"https:\/\/zimmerlin.de\/\",\"name\":\"zimmerlin GmbH Edelstahl-Technik\",\"description\":\"Beh\u00e4lterverschl\u00fcsse und Zubeh\u00f6r f\u00fcr die besten Beh\u00e4lter\",\"potentialAction\":[{\"@type\":\"SearchAction\",\"target\":{\"@type\":\"EntryPoint\",\"urlTemplate\":\"https:\/\/zimmerlin.de\/?s={search_term_string}\"},\"query-input\":{\"@type\":\"PropertyValueSpecification\",\"valueRequired\":true,\"valueName\":\"search_term_string\"}}],\"inLanguage\":\"en-US\"}]}<\/script>\n<!-- \/ Yoast SEO plugin. -->","yoast_head_json":{"title":"General Terms and Conditions - zimmerlin GmbH Edelstahl-Technik","robots":{"index":"noindex","follow":"nofollow"},"og_locale":"en_US","og_type":"article","og_title":"General Terms and Conditions - zimmerlin GmbH Edelstahl-Technik","og_description":"General Terms and Conditions General Terms and Conditions of Delivery and Payment General Terms and Conditions of Purchase","og_url":"https:\/\/zimmerlin.de\/en\/terms_conditions","og_site_name":"zimmerlin GmbH Edelstahl-Technik","article_modified_time":"2023-07-06T11:01:02+00:00","twitter_card":"summary_large_image","twitter_misc":{"Est. reading time":"1 minute"},"schema":{"@context":"https:\/\/schema.org","@graph":[{"@type":"WebPage","@id":"https:\/\/zimmerlin.de\/en\/terms_conditions","url":"https:\/\/zimmerlin.de\/en\/terms_conditions","name":"General Terms and Conditions - zimmerlin GmbH Edelstahl-Technik","isPartOf":{"@id":"https:\/\/zimmerlin.de\/#website"},"datePublished":"2019-08-21T19:37:31+00:00","dateModified":"2023-07-06T11:01:02+00:00","breadcrumb":{"@id":"https:\/\/zimmerlin.de\/en\/terms_conditions#breadcrumb"},"inLanguage":"en-US","potentialAction":[{"@type":"ReadAction","target":["https:\/\/zimmerlin.de\/en\/terms_conditions"]}]},{"@type":"BreadcrumbList","@id":"https:\/\/zimmerlin.de\/en\/terms_conditions#breadcrumb","itemListElement":[{"@type":"ListItem","position":1,"name":"Home","item":"https:\/\/zimmerlin.de\/en"},{"@type":"ListItem","position":2,"name":"General Terms and Conditions"}]},{"@type":"WebSite","@id":"https:\/\/zimmerlin.de\/#website","url":"https:\/\/zimmerlin.de\/","name":"zimmerlin GmbH Edelstahl-Technik","description":"Beh\u00e4lterverschl\u00fcsse und Zubeh\u00f6r f\u00fcr die besten Beh\u00e4lter","potentialAction":[{"@type":"SearchAction","target":{"@type":"EntryPoint","urlTemplate":"https:\/\/zimmerlin.de\/?s={search_term_string}"},"query-input":{"@type":"PropertyValueSpecification","valueRequired":true,"valueName":"search_term_string"}}],"inLanguage":"en-US"}]}},"_links":{"self":[{"href":"https:\/\/zimmerlin.de\/en\/wp-json\/wp\/v2\/pages\/449","targetHints":{"allow":["GET"]}}],"collection":[{"href":"https:\/\/zimmerlin.de\/en\/wp-json\/wp\/v2\/pages"}],"about":[{"href":"https:\/\/zimmerlin.de\/en\/wp-json\/wp\/v2\/types\/page"}],"author":[{"embeddable":true,"href":"https:\/\/zimmerlin.de\/en\/wp-json\/wp\/v2\/users\/3"}],"replies":[{"embeddable":true,"href":"https:\/\/zimmerlin.de\/en\/wp-json\/wp\/v2\/comments?post=449"}],"version-history":[{"count":9,"href":"https:\/\/zimmerlin.de\/en\/wp-json\/wp\/v2\/pages\/449\/revisions"}],"predecessor-version":[{"id":2317,"href":"https:\/\/zimmerlin.de\/en\/wp-json\/wp\/v2\/pages\/449\/revisions\/2317"}],"wp:attachment":[{"href":"https:\/\/zimmerlin.de\/en\/wp-json\/wp\/v2\/media?parent=449"}],"curies":[{"name":"wp","href":"https:\/\/api.w.org\/{rel}","templated":true}]}}