{"id":2337,"date":"2023-09-18T17:32:54","date_gmt":"2023-09-18T15:32:54","guid":{"rendered":"https:\/\/zimmerlin.de\/?page_id=2337"},"modified":"2023-09-25T12:06:16","modified_gmt":"2023-09-25T10:06:16","slug":"portfolio","status":"publish","type":"page","link":"https:\/\/zimmerlin.de\/en\/products\/portfolio","title":{"rendered":"Portfolio"},"content":{"rendered":"","protected":true},"excerpt":{"rendered":"","protected":true},"author":5,"featured_media":0,"parent":457,"menu_order":0,"comment_status":"closed","ping_status":"closed","template":"","meta":{"_acf_changed":false,"footnotes":""},"class_list":["post-2337","page","type-page","status-publish","post-password-required","hentry"],"acf":[],"yoast_head":"<!-- This site is optimized with the Yoast SEO plugin v27.2 - https:\/\/yoast.com\/product\/yoast-seo-wordpress\/ -->\n<title>Portfolio - zimmerlin GmbH Edelstahl-Technik<\/title>\n<meta name=\"robots\" content=\"index, follow, max-snippet:-1, max-image-preview:large, max-video-preview:-1\" \/>\n<link rel=\"canonical\" href=\"https:\/\/zimmerlin.de\/en\/products\/portfolio\" \/>\n<meta property=\"og:locale\" content=\"en_US\" \/>\n<meta property=\"og:type\" content=\"article\" \/>\n<meta property=\"og:title\" content=\"Portfolio - zimmerlin GmbH Edelstahl-Technik\" \/>\n<meta property=\"og:description\" content=\"There is no excerpt because this is a protected post.\" \/>\n<meta property=\"og:url\" content=\"https:\/\/zimmerlin.de\/en\/products\/portfolio\" \/>\n<meta property=\"og:site_name\" content=\"zimmerlin GmbH Edelstahl-Technik\" \/>\n<meta property=\"article:modified_time\" content=\"2023-09-25T10:06:16+00:00\" \/>\n<meta name=\"twitter:card\" content=\"summary_large_image\" \/>\n<meta name=\"twitter:label1\" content=\"Est. reading time\" \/>\n\t<meta name=\"twitter:data1\" content=\"1 minute\" \/>\n<script type=\"application\/ld+json\" class=\"yoast-schema-graph\">{\"@context\":\"https:\/\/schema.org\",\"@graph\":[{\"@type\":\"WebPage\",\"@id\":\"https:\/\/zimmerlin.de\/en\/products\/portfolio\",\"url\":\"https:\/\/zimmerlin.de\/en\/products\/portfolio\",\"name\":\"Portfolio - zimmerlin GmbH Edelstahl-Technik\",\"isPartOf\":{\"@id\":\"https:\/\/zimmerlin.de\/#website\"},\"datePublished\":\"2023-09-18T15:32:54+00:00\",\"dateModified\":\"2023-09-25T10:06:16+00:00\",\"breadcrumb\":{\"@id\":\"https:\/\/zimmerlin.de\/en\/products\/portfolio#breadcrumb\"},\"inLanguage\":\"en-US\"},{\"@type\":\"WebSite\",\"@id\":\"https:\/\/zimmerlin.de\/#website\",\"url\":\"https:\/\/zimmerlin.de\/\",\"name\":\"zimmerlin GmbH Edelstahl-Technik\",\"description\":\"Beh\u00e4lterverschl\u00fcsse und Zubeh\u00f6r f\u00fcr die besten Beh\u00e4lter\",\"potentialAction\":[{\"@type\":\"SearchAction\",\"target\":{\"@type\":\"EntryPoint\",\"urlTemplate\":\"https:\/\/zimmerlin.de\/?s={search_term_string}\"},\"query-input\":{\"@type\":\"PropertyValueSpecification\",\"valueRequired\":true,\"valueName\":\"search_term_string\"}}],\"inLanguage\":\"en-US\"}]}<\/script>\n<!-- \/ Yoast SEO plugin. -->","yoast_head_json":{"title":"Portfolio - zimmerlin GmbH Edelstahl-Technik","robots":{"index":"index","follow":"follow","max-snippet":"max-snippet:-1","max-image-preview":"max-image-preview:large","max-video-preview":"max-video-preview:-1"},"canonical":"https:\/\/zimmerlin.de\/en\/products\/portfolio","og_locale":"en_US","og_type":"article","og_title":"Portfolio - zimmerlin GmbH Edelstahl-Technik","og_description":"There is no excerpt because this is a protected post.","og_url":"https:\/\/zimmerlin.de\/en\/products\/portfolio","og_site_name":"zimmerlin GmbH Edelstahl-Technik","article_modified_time":"2023-09-25T10:06:16+00:00","twitter_card":"summary_large_image","twitter_misc":{"Est. reading time":"1 minute"},"schema":{"@context":"https:\/\/schema.org","@graph":[{"@type":"WebPage","@id":"https:\/\/zimmerlin.de\/en\/products\/portfolio","url":"https:\/\/zimmerlin.de\/en\/products\/portfolio","name":"Portfolio - zimmerlin GmbH Edelstahl-Technik","isPartOf":{"@id":"https:\/\/zimmerlin.de\/#website"},"datePublished":"2023-09-18T15:32:54+00:00","dateModified":"2023-09-25T10:06:16+00:00","breadcrumb":{"@id":"https:\/\/zimmerlin.de\/en\/products\/portfolio#breadcrumb"},"inLanguage":"en-US"},{"@type":"WebSite","@id":"https:\/\/zimmerlin.de\/#website","url":"https:\/\/zimmerlin.de\/","name":"zimmerlin GmbH Edelstahl-Technik","description":"Beh\u00e4lterverschl\u00fcsse und Zubeh\u00f6r f\u00fcr die besten Beh\u00e4lter","potentialAction":[{"@type":"SearchAction","target":{"@type":"EntryPoint","urlTemplate":"https:\/\/zimmerlin.de\/?s={search_term_string}"},"query-input":{"@type":"PropertyValueSpecification","valueRequired":true,"valueName":"search_term_string"}}],"inLanguage":"en-US"}]}},"_links":{"self":[{"href":"https:\/\/zimmerlin.de\/en\/wp-json\/wp\/v2\/pages\/2337","targetHints":{"allow":["GET"]}}],"collection":[{"href":"https:\/\/zimmerlin.de\/en\/wp-json\/wp\/v2\/pages"}],"about":[{"href":"https:\/\/zimmerlin.de\/en\/wp-json\/wp\/v2\/types\/page"}],"author":[{"embeddable":true,"href":"https:\/\/zimmerlin.de\/en\/wp-json\/wp\/v2\/users\/5"}],"replies":[{"embeddable":true,"href":"https:\/\/zimmerlin.de\/en\/wp-json\/wp\/v2\/comments?post=2337"}],"version-history":[{"count":4,"href":"https:\/\/zimmerlin.de\/en\/wp-json\/wp\/v2\/pages\/2337\/revisions"}],"predecessor-version":[{"id":2784,"href":"https:\/\/zimmerlin.de\/en\/wp-json\/wp\/v2\/pages\/2337\/revisions\/2784"}],"up":[{"embeddable":true,"href":"https:\/\/zimmerlin.de\/en\/wp-json\/wp\/v2\/pages\/457"}],"wp:attachment":[{"href":"https:\/\/zimmerlin.de\/en\/wp-json\/wp\/v2\/media?parent=2337"}],"curies":[{"name":"wp","href":"https:\/\/api.w.org\/{rel}","templated":true}]}}