{"id":2327,"date":"2023-09-18T17:27:23","date_gmt":"2023-09-18T15:27:23","guid":{"rendered":"https:\/\/zimmerlin.de\/?page_id=2327"},"modified":"2023-09-25T12:08:58","modified_gmt":"2023-09-25T10:08:58","slug":"hello","status":"publish","type":"page","link":"https:\/\/zimmerlin.de\/en\/hello","title":{"rendered":"Hello"},"content":{"rendered":"<p>Welcome to the <strong>zimmerlin<\/strong> world &#8211; nice to meet you!<\/p>\n<p>Thank&#8217;s for your visit at <a href=\"https:\/\/farmaforum.es\/en\/start\/\" target=\"_blank\" rel=\"noopener\">Farmaforum<\/a> 2023 in Madrid and the interest in our products.<\/p>\n<p><a href=\"https:\/\/farmaforum.es\/en\/start\/\" target=\"_blank\" rel=\"noopener\"><img loading=\"lazy\" decoding=\"async\" class=\"alignnone size-medium wp-image-2329\" src=\"https:\/\/zimmerlin.de\/wp-content\/uploads\/2023\/09\/logo-cabecera-completo-reducido_en-300x39.png\" alt=\"\" width=\"300\" height=\"39\" srcset=\"https:\/\/zimmerlin.de\/wp-content\/uploads\/2023\/09\/logo-cabecera-completo-reducido_en-300x39.png 300w, https:\/\/zimmerlin.de\/wp-content\/uploads\/2023\/09\/logo-cabecera-completo-reducido_en-768x100.png 768w, https:\/\/zimmerlin.de\/wp-content\/uploads\/2023\/09\/logo-cabecera-completo-reducido_en.png 800w\" sizes=\"auto, (max-width: 300px) 100vw, 300px\" \/><\/a><\/p>\n<p>&nbsp;<\/p>\n<p>Let&#8217;s connect <a href=\"https:\/\/forms.office.com\/e\/UQMX1UeWfZ\" target=\"_blank\" rel=\"noopener\">here<\/a>!<\/p>\n<p>Let&#8217;s have a look at our (new) <a href=\"https:\/\/zimmerlin.de\/en\/products\" target=\"_blank\" rel=\"noopener\">products<\/a>!<\/p>\n<p>You can see all our products on <a href=\"https:\/\/zimmerlin.de\/en\/products\/portfolio\" target=\"_blank\" rel=\"noopener\">zimmerlin.de\/en\/products\/portfolio<\/a> (Passwort: Our name.).<\/p>\n<p><a href=\"https:\/\/zimmerlin.de\/en\/products\" target=\"_blank\" rel=\"noopener\"><img loading=\"lazy\" decoding=\"async\" class=\"alignnone wp-image-2343 size-large\" src=\"https:\/\/zimmerlin.de\/wp-content\/uploads\/2023\/09\/Collage-1024x683.png\" alt=\"\" width=\"1024\" height=\"683\" srcset=\"https:\/\/zimmerlin.de\/wp-content\/uploads\/2023\/09\/Collage-1024x683.png 1024w, https:\/\/zimmerlin.de\/wp-content\/uploads\/2023\/09\/Collage-300x200.png 300w, https:\/\/zimmerlin.de\/wp-content\/uploads\/2023\/09\/Collage-768x512.png 768w, https:\/\/zimmerlin.de\/wp-content\/uploads\/2023\/09\/Collage.png 1134w\" sizes=\"auto, (max-width: 1024px) 100vw, 1024px\" \/><\/a><\/p>\n","protected":false},"excerpt":{"rendered":"<p>Welcome to the zimmerlin world &#8211; nice to meet you! Thank&#8217;s for your visit at Farmaforum 2023 in Madrid and the interest in our products. &nbsp; Let&#8217;s connect here! Let&#8217;s &#8230;<\/p>\n","protected":false},"author":5,"featured_media":0,"parent":0,"menu_order":0,"comment_status":"closed","ping_status":"closed","template":"","meta":{"_acf_changed":false,"footnotes":""},"class_list":["post-2327","page","type-page","status-publish","hentry"],"acf":[],"yoast_head":"<!-- This site is optimized with the Yoast SEO plugin v27.2 - https:\/\/yoast.com\/product\/yoast-seo-wordpress\/ -->\n<title>Hello - zimmerlin GmbH Edelstahl-Technik<\/title>\n<meta name=\"robots\" content=\"index, follow, max-snippet:-1, max-image-preview:large, max-video-preview:-1\" \/>\n<link rel=\"canonical\" href=\"https:\/\/zimmerlin.de\/en\/hello\" \/>\n<meta property=\"og:locale\" content=\"en_US\" \/>\n<meta property=\"og:type\" content=\"article\" \/>\n<meta property=\"og:title\" content=\"Hello - zimmerlin GmbH Edelstahl-Technik\" \/>\n<meta property=\"og:description\" content=\"Welcome to the zimmerlin world &#8211; nice to meet you! Thank&#8217;s for your visit at Farmaforum 2023 in Madrid and the interest in our products. &nbsp; Let&#8217;s connect here! Let&#8217;s ...\" \/>\n<meta property=\"og:url\" content=\"https:\/\/zimmerlin.de\/en\/hello\" \/>\n<meta property=\"og:site_name\" content=\"zimmerlin GmbH Edelstahl-Technik\" \/>\n<meta property=\"article:modified_time\" content=\"2023-09-25T10:08:58+00:00\" \/>\n<meta property=\"og:image\" content=\"https:\/\/zimmerlin.de\/wp-content\/uploads\/2023\/09\/logo-cabecera-completo-reducido_en-300x39.png\" \/>\n<meta name=\"twitter:card\" content=\"summary_large_image\" \/>\n<meta name=\"twitter:label1\" content=\"Est. reading time\" \/>\n\t<meta name=\"twitter:data1\" content=\"1 minute\" \/>\n<script type=\"application\/ld+json\" class=\"yoast-schema-graph\">{\"@context\":\"https:\/\/schema.org\",\"@graph\":[{\"@type\":\"WebPage\",\"@id\":\"https:\/\/zimmerlin.de\/en\/hello\",\"url\":\"https:\/\/zimmerlin.de\/en\/hello\",\"name\":\"Hello - zimmerlin GmbH Edelstahl-Technik\",\"isPartOf\":{\"@id\":\"https:\/\/zimmerlin.de\/#website\"},\"primaryImageOfPage\":{\"@id\":\"https:\/\/zimmerlin.de\/en\/hello#primaryimage\"},\"image\":{\"@id\":\"https:\/\/zimmerlin.de\/en\/hello#primaryimage\"},\"thumbnailUrl\":\"https:\/\/zimmerlin.de\/wp-content\/uploads\/2023\/09\/logo-cabecera-completo-reducido_en-300x39.png\",\"datePublished\":\"2023-09-18T15:27:23+00:00\",\"dateModified\":\"2023-09-25T10:08:58+00:00\",\"breadcrumb\":{\"@id\":\"https:\/\/zimmerlin.de\/en\/hello#breadcrumb\"},\"inLanguage\":\"en-US\",\"potentialAction\":[{\"@type\":\"ReadAction\",\"target\":[\"https:\/\/zimmerlin.de\/en\/hello\"]}]},{\"@type\":\"ImageObject\",\"inLanguage\":\"en-US\",\"@id\":\"https:\/\/zimmerlin.de\/en\/hello#primaryimage\",\"url\":\"https:\/\/zimmerlin.de\/wp-content\/uploads\/2023\/09\/logo-cabecera-completo-reducido_en-300x39.png\",\"contentUrl\":\"https:\/\/zimmerlin.de\/wp-content\/uploads\/2023\/09\/logo-cabecera-completo-reducido_en-300x39.png\"},{\"@type\":\"BreadcrumbList\",\"@id\":\"https:\/\/zimmerlin.de\/en\/hello#breadcrumb\",\"itemListElement\":[{\"@type\":\"ListItem\",\"position\":1,\"name\":\"Home\",\"item\":\"https:\/\/zimmerlin.de\/en\"},{\"@type\":\"ListItem\",\"position\":2,\"name\":\"Hello\"}]},{\"@type\":\"WebSite\",\"@id\":\"https:\/\/zimmerlin.de\/#website\",\"url\":\"https:\/\/zimmerlin.de\/\",\"name\":\"zimmerlin GmbH Edelstahl-Technik\",\"description\":\"Beh\u00e4lterverschl\u00fcsse und Zubeh\u00f6r f\u00fcr die besten Beh\u00e4lter\",\"potentialAction\":[{\"@type\":\"SearchAction\",\"target\":{\"@type\":\"EntryPoint\",\"urlTemplate\":\"https:\/\/zimmerlin.de\/?s={search_term_string}\"},\"query-input\":{\"@type\":\"PropertyValueSpecification\",\"valueRequired\":true,\"valueName\":\"search_term_string\"}}],\"inLanguage\":\"en-US\"}]}<\/script>\n<!-- \/ Yoast SEO plugin. -->","yoast_head_json":{"title":"Hello - zimmerlin GmbH Edelstahl-Technik","robots":{"index":"index","follow":"follow","max-snippet":"max-snippet:-1","max-image-preview":"max-image-preview:large","max-video-preview":"max-video-preview:-1"},"canonical":"https:\/\/zimmerlin.de\/en\/hello","og_locale":"en_US","og_type":"article","og_title":"Hello - zimmerlin GmbH Edelstahl-Technik","og_description":"Welcome to the zimmerlin world &#8211; nice to meet you! Thank&#8217;s for your visit at Farmaforum 2023 in Madrid and the interest in our products. &nbsp; Let&#8217;s connect here! Let&#8217;s ...","og_url":"https:\/\/zimmerlin.de\/en\/hello","og_site_name":"zimmerlin GmbH Edelstahl-Technik","article_modified_time":"2023-09-25T10:08:58+00:00","og_image":[{"url":"https:\/\/zimmerlin.de\/wp-content\/uploads\/2023\/09\/logo-cabecera-completo-reducido_en-300x39.png","type":"","width":"","height":""}],"twitter_card":"summary_large_image","twitter_misc":{"Est. reading time":"1 minute"},"schema":{"@context":"https:\/\/schema.org","@graph":[{"@type":"WebPage","@id":"https:\/\/zimmerlin.de\/en\/hello","url":"https:\/\/zimmerlin.de\/en\/hello","name":"Hello - zimmerlin GmbH Edelstahl-Technik","isPartOf":{"@id":"https:\/\/zimmerlin.de\/#website"},"primaryImageOfPage":{"@id":"https:\/\/zimmerlin.de\/en\/hello#primaryimage"},"image":{"@id":"https:\/\/zimmerlin.de\/en\/hello#primaryimage"},"thumbnailUrl":"https:\/\/zimmerlin.de\/wp-content\/uploads\/2023\/09\/logo-cabecera-completo-reducido_en-300x39.png","datePublished":"2023-09-18T15:27:23+00:00","dateModified":"2023-09-25T10:08:58+00:00","breadcrumb":{"@id":"https:\/\/zimmerlin.de\/en\/hello#breadcrumb"},"inLanguage":"en-US","potentialAction":[{"@type":"ReadAction","target":["https:\/\/zimmerlin.de\/en\/hello"]}]},{"@type":"ImageObject","inLanguage":"en-US","@id":"https:\/\/zimmerlin.de\/en\/hello#primaryimage","url":"https:\/\/zimmerlin.de\/wp-content\/uploads\/2023\/09\/logo-cabecera-completo-reducido_en-300x39.png","contentUrl":"https:\/\/zimmerlin.de\/wp-content\/uploads\/2023\/09\/logo-cabecera-completo-reducido_en-300x39.png"},{"@type":"BreadcrumbList","@id":"https:\/\/zimmerlin.de\/en\/hello#breadcrumb","itemListElement":[{"@type":"ListItem","position":1,"name":"Home","item":"https:\/\/zimmerlin.de\/en"},{"@type":"ListItem","position":2,"name":"Hello"}]},{"@type":"WebSite","@id":"https:\/\/zimmerlin.de\/#website","url":"https:\/\/zimmerlin.de\/","name":"zimmerlin GmbH Edelstahl-Technik","description":"Beh\u00e4lterverschl\u00fcsse und Zubeh\u00f6r f\u00fcr die besten Beh\u00e4lter","potentialAction":[{"@type":"SearchAction","target":{"@type":"EntryPoint","urlTemplate":"https:\/\/zimmerlin.de\/?s={search_term_string}"},"query-input":{"@type":"PropertyValueSpecification","valueRequired":true,"valueName":"search_term_string"}}],"inLanguage":"en-US"}]}},"_links":{"self":[{"href":"https:\/\/zimmerlin.de\/en\/wp-json\/wp\/v2\/pages\/2327","targetHints":{"allow":["GET"]}}],"collection":[{"href":"https:\/\/zimmerlin.de\/en\/wp-json\/wp\/v2\/pages"}],"about":[{"href":"https:\/\/zimmerlin.de\/en\/wp-json\/wp\/v2\/types\/page"}],"author":[{"embeddable":true,"href":"https:\/\/zimmerlin.de\/en\/wp-json\/wp\/v2\/users\/5"}],"replies":[{"embeddable":true,"href":"https:\/\/zimmerlin.de\/en\/wp-json\/wp\/v2\/comments?post=2327"}],"version-history":[{"count":17,"href":"https:\/\/zimmerlin.de\/en\/wp-json\/wp\/v2\/pages\/2327\/revisions"}],"predecessor-version":[{"id":2787,"href":"https:\/\/zimmerlin.de\/en\/wp-json\/wp\/v2\/pages\/2327\/revisions\/2787"}],"wp:attachment":[{"href":"https:\/\/zimmerlin.de\/en\/wp-json\/wp\/v2\/media?parent=2327"}],"curies":[{"name":"wp","href":"https:\/\/api.w.org\/{rel}","templated":true}]}}